{"id":2,"date":"2024-09-20T11:16:08","date_gmt":"2024-09-20T11:16:08","guid":{"rendered":"https:\/\/carpinteriaartetxe.rkinformatika.online\/?page_id=2"},"modified":"2025-02-20T11:51:46","modified_gmt":"2025-02-20T11:51:46","slug":"inicio","status":"publish","type":"page","link":"https:\/\/rpcalzado.com\/eu\/","title":{"rendered":"Hasiera"},"content":{"rendered":"<div data-elementor-type=\"wp-page\" data-elementor-id=\"2\" class=\"elementor elementor-2\" data-elementor-post-type=\"page\">\n\t\t\t\t<div class=\"elementor-element elementor-element-99bfd16 e-con-full e-flex e-con e-parent\" data-id=\"99bfd16\" data-element_type=\"container\" data-e-type=\"container\" data-settings=\"{&quot;background_background&quot;:&quot;classic&quot;}\">\n\t\t\t\t<div class=\"elementor-element elementor-element-c983db2 elementor-widget elementor-widget-heading\" data-id=\"c983db2\" data-element_type=\"widget\" data-e-type=\"widget\" data-widget_type=\"heading.default\">\n\t\t\t\t<div class=\"elementor-widget-container\">\n\t\t\t\t\t<h2 class=\"elementor-heading-title elementor-size-default\">Oinetakoak konpontzea<br>DONATO<\/h2>\t\t\t\t<\/div>\n\t\t\t\t<\/div>\n\t\t\t\t<\/div>\n\t\t<div class=\"elementor-element elementor-element-86dc876 e-flex e-con-boxed e-con e-parent\" data-id=\"86dc876\" data-element_type=\"container\" data-e-type=\"container\">\n\t\t\t\t\t<div class=\"e-con-inner\">\n\t\t<div class=\"elementor-element elementor-element-7e47aad e-con-full e-flex e-con e-child\" data-id=\"7e47aad\" data-element_type=\"container\" data-e-type=\"container\" data-settings=\"{&quot;background_background&quot;:&quot;classic&quot;}\">\n\t\t<div class=\"elementor-element elementor-element-f30687c e-con-full e-flex e-con e-child\" data-id=\"f30687c\" data-element_type=\"container\" data-e-type=\"container\" data-settings=\"{&quot;background_background&quot;:&quot;classic&quot;}\">\n\t\t\t\t<div class=\"elementor-element elementor-element-52477ae e-transform elementor-widget elementor-widget-counter\" data-id=\"52477ae\" data-element_type=\"widget\" data-e-type=\"widget\" data-settings=\"{&quot;_transform_rotateZ_effect&quot;:{&quot;unit&quot;:&quot;px&quot;,&quot;size&quot;:-16,&quot;sizes&quot;:[]},&quot;_transform_rotateZ_effect_tablet&quot;:{&quot;unit&quot;:&quot;deg&quot;,&quot;size&quot;:&quot;&quot;,&quot;sizes&quot;:[]},&quot;_transform_rotateZ_effect_mobile&quot;:{&quot;unit&quot;:&quot;deg&quot;,&quot;size&quot;:&quot;&quot;,&quot;sizes&quot;:[]}}\" data-widget_type=\"counter.default\">\n\t\t\t\t<div class=\"elementor-widget-container\">\n\t\t\t\t\t\t\t<div class=\"elementor-counter\">\n\t\t\t<div class=\"elementor-counter-title\">Urte<\/div>\t\t\t<div class=\"elementor-counter-number-wrapper\">\n\t\t\t\t<span class=\"elementor-counter-number-prefix\">+<\/span>\n\t\t\t\t<span class=\"elementor-counter-number\" data-duration=\"2000\" data-to-value=\"35\" data-from-value=\"0\">0<\/span>\n\t\t\t\t<span class=\"elementor-counter-number-suffix\"><\/span>\n\t\t\t<\/div>\n\t\t<\/div>\n\t\t\t\t\t\t<\/div>\n\t\t\t\t<\/div>\n\t\t\t\t<\/div>\n\t\t\t\t<\/div>\n\t\t<div class=\"elementor-element elementor-element-e54591e e-con-full e-flex e-con e-child\" data-id=\"e54591e\" data-element_type=\"container\" data-e-type=\"container\">\n\t\t\t\t<div class=\"elementor-element elementor-element-54c724a elementor-widget__width-initial elementor-widget elementor-widget-heading\" data-id=\"54c724a\" data-element_type=\"widget\" data-e-type=\"widget\" data-widget_type=\"heading.default\">\n\t\t\t\t<div class=\"elementor-widget-container\">\n\t\t\t\t\t<h2 class=\"elementor-heading-title elementor-size-default\">Guri Buruz<\/h2>\t\t\t\t<\/div>\n\t\t\t\t<\/div>\n\t\t\t\t<div class=\"elementor-element elementor-element-7278379 elementor-widget elementor-widget-text-editor\" data-id=\"7278379\" data-element_type=\"widget\" data-e-type=\"widget\" data-widget_type=\"text-editor.default\">\n\t\t\t\t<div class=\"elementor-widget-container\">\n\t\t\t\t\t\t\t\t\t<p data-start=\"0\" data-end=\"281\">Oinetakoen konponketa Donato familia enpresa bat da, oinetakoak eta larrukiak konpontzen 35 urteko esperientzia duena. Era guztietako oinetakoak, poltsak, gerrikoak, kremailerak eta egunero erabiltzen diren beste gai batzuk konpontzeko zerbitzuak eskaintzen ditugu.<\/p><p data-start=\"283\" data-end=\"425\">Era berean, zure oinetakoak zaintzeko, garbitzeko eta kontserbatzeko produktu ugari ditugu, hala nola galtzariak, koroak eta gehiago.<\/p><p data-start=\"427\" data-end=\"651\" data-is-last-node=\"\">Gure helburua zerbitzu profesional eta arduratsua eskaintzea da, lantzen dugun artikulu bakoitzari funtzionaltasuna eta estiloa itzuliz. Izan konfiantza gure esperientzian eta dedikazioan zure artikulu gogokoenak zaintzeko!<\/p>\t\t\t\t\t\t\t\t<\/div>\n\t\t\t\t<\/div>\n\t\t\t\t<\/div>\n\t\t\t\t\t<\/div>\n\t\t\t\t<\/div>\n\t\t<div class=\"elementor-element elementor-element-33e4f67 e-flex e-con-boxed e-con e-parent\" data-id=\"33e4f67\" data-element_type=\"container\" data-e-type=\"container\">\n\t\t\t\t\t<div class=\"e-con-inner\">\n\t\t<div class=\"elementor-element elementor-element-7bf574b e-con-full e-flex e-con e-child\" data-id=\"7bf574b\" data-element_type=\"container\" data-e-type=\"container\" data-settings=\"{&quot;background_background&quot;:&quot;classic&quot;}\">\n\t\t\t\t<div class=\"elementor-element elementor-element-7b0fc6b elementor-widget elementor-widget-heading\" data-id=\"7b0fc6b\" data-element_type=\"widget\" data-e-type=\"widget\" data-widget_type=\"heading.default\">\n\t\t\t\t<div class=\"elementor-widget-container\">\n\t\t\t\t\t<h2 class=\"elementor-heading-title elementor-size-default\">Ezagutu oinetakoak eta larrukiak konpontzen dugun esperientzia zabala, baita zure produktu gogokoenak zaintzeko eta kontserbatzeko produktuen aukeraketa ere.<\/h2>\t\t\t\t<\/div>\n\t\t\t\t<\/div>\n\t\t\t\t<div class=\"elementor-element elementor-element-233c289 elementor-align-center elementor-widget elementor-widget-button\" data-id=\"233c289\" data-element_type=\"widget\" data-e-type=\"widget\" data-widget_type=\"button.default\">\n\t\t\t\t<div class=\"elementor-widget-container\">\n\t\t\t\t\t\t\t\t\t<div class=\"elementor-button-wrapper\">\n\t\t\t\t\t<a class=\"elementor-button elementor-button-link elementor-size-sm\" href=\"https:\/\/rpcalzado.com\/eu\/servicios\/\">\n\t\t\t\t\t\t<span class=\"elementor-button-content-wrapper\">\n\t\t\t\t\t\t\t\t\t<span class=\"elementor-button-text\">Zerbitzuak<\/span>\n\t\t\t\t\t<\/span>\n\t\t\t\t\t<\/a>\n\t\t\t\t<\/div>\n\t\t\t\t\t\t\t\t<\/div>\n\t\t\t\t<\/div>\n\t\t\t\t<\/div>\n\t\t<div class=\"elementor-element elementor-element-fbdb935 e-con-full e-flex e-con e-child\" data-id=\"fbdb935\" data-element_type=\"container\" data-e-type=\"container\" data-settings=\"{&quot;background_background&quot;:&quot;classic&quot;}\">\n\t\t\t\t<div class=\"elementor-element elementor-element-29a7e1e elementor-widget elementor-widget-heading\" data-id=\"29a7e1e\" data-element_type=\"widget\" data-e-type=\"widget\" data-widget_type=\"heading.default\">\n\t\t\t\t<div class=\"elementor-widget-container\">\n\t\t\t\t\t<h2 class=\"elementor-heading-title elementor-size-default\">Utziguzu zaintzen merezi duten profesionaltasun eta dedikazioarekin!<\/h2>\t\t\t\t<\/div>\n\t\t\t\t<\/div>\n\t\t\t\t<div class=\"elementor-element elementor-element-308aa7c elementor-align-center elementor-widget elementor-widget-button\" data-id=\"308aa7c\" data-element_type=\"widget\" data-e-type=\"widget\" data-widget_type=\"button.default\">\n\t\t\t\t<div class=\"elementor-widget-container\">\n\t\t\t\t\t\t\t\t\t<div class=\"elementor-button-wrapper\">\n\t\t\t\t\t<a class=\"elementor-button elementor-button-link elementor-size-sm\" href=\"https:\/\/rpcalzado.com\/eu\/contacto\/\">\n\t\t\t\t\t\t<span class=\"elementor-button-content-wrapper\">\n\t\t\t\t\t\t\t\t\t<span class=\"elementor-button-text\">Kontaktua<\/span>\n\t\t\t\t\t<\/span>\n\t\t\t\t\t<\/a>\n\t\t\t\t<\/div>\n\t\t\t\t\t\t\t\t<\/div>\n\t\t\t\t<\/div>\n\t\t\t\t<\/div>\n\t\t\t\t\t<\/div>\n\t\t\t\t<\/div>\n\t\t\t\t<\/div>","protected":false},"excerpt":{"rendered":"<p>Reparaci\u00f3n de CalzadosDONATO A\u00f1os + 0 Sobre Nosotros Reparaci\u00f3n de Calzado Donato es una empresa familiar con 35 a\u00f1os de experiencia dedicada a la reparaci\u00f3n de calzado y marroquiner\u00eda. Ofrecemos servicios de reparaci\u00f3n para todo tipo de calzado, as\u00ed como para bolsos, cinturones, cremalleras y otros art\u00edculos de uso diario. Tambi\u00e9n contamos con una amplia [&hellip;]<\/p>\n","protected":false},"author":4,"featured_media":0,"parent":0,"menu_order":0,"comment_status":"closed","ping_status":"closed","template":"","meta":{"footnotes":""},"class_list":["post-2","page","type-page","status-publish","hentry"],"yoast_head":"<!-- This site is optimized with the Yoast SEO plugin v27.4 - https:\/\/yoast.com\/product\/yoast-seo-wordpress\/ -->\n<title>Inicio - Reparaci\u00f3n de Calzado Donato<\/title>\n<meta name=\"robots\" content=\"index, follow, max-snippet:-1, max-image-preview:large, max-video-preview:-1\" \/>\n<link rel=\"canonical\" href=\"https:\/\/rpcalzado.com\/eu\/\" \/>\n<meta property=\"og:locale\" content=\"en_US\" \/>\n<meta property=\"og:type\" content=\"article\" \/>\n<meta property=\"og:title\" content=\"Inicio - Reparaci\u00f3n de Calzado Donato\" \/>\n<meta property=\"og:description\" content=\"Reparaci\u00f3n de CalzadosDONATO A\u00f1os + 0 Sobre Nosotros Reparaci\u00f3n de Calzado Donato es una empresa familiar con 35 a\u00f1os de experiencia dedicada a la reparaci\u00f3n de calzado y marroquiner\u00eda. Ofrecemos servicios de reparaci\u00f3n para todo tipo de calzado, as\u00ed como para bolsos, cinturones, cremalleras y otros art\u00edculos de uso diario. Tambi\u00e9n contamos con una amplia [&hellip;]\" \/>\n<meta property=\"og:url\" content=\"https:\/\/rpcalzado.com\/eu\/\" \/>\n<meta property=\"og:site_name\" content=\"Reparaci\u00f3n de Calzado Donato\" \/>\n<meta property=\"article:modified_time\" content=\"2025-02-20T11:51:46+00:00\" \/>\n<meta name=\"twitter:card\" content=\"summary_large_image\" \/>\n<meta name=\"twitter:label1\" content=\"Est. reading time\" \/>\n\t<meta name=\"twitter:data1\" content=\"1 minutua\" \/>\n<script type=\"application\/ld+json\" class=\"yoast-schema-graph\">{\"@context\":\"https:\\\/\\\/schema.org\",\"@graph\":[{\"@type\":\"WebPage\",\"@id\":\"https:\\\/\\\/rpcalzado.com\\\/\",\"url\":\"https:\\\/\\\/rpcalzado.com\\\/\",\"name\":\"Inicio - Reparaci\u00f3n de Calzado Donato\",\"isPartOf\":{\"@id\":\"https:\\\/\\\/rpcalzado.com\\\/#website\"},\"datePublished\":\"2024-09-20T11:16:08+00:00\",\"dateModified\":\"2025-02-20T11:51:46+00:00\",\"breadcrumb\":{\"@id\":\"https:\\\/\\\/rpcalzado.com\\\/#breadcrumb\"},\"inLanguage\":\"eu\",\"potentialAction\":[{\"@type\":\"ReadAction\",\"target\":[\"https:\\\/\\\/rpcalzado.com\\\/\"]}]},{\"@type\":\"BreadcrumbList\",\"@id\":\"https:\\\/\\\/rpcalzado.com\\\/#breadcrumb\",\"itemListElement\":[{\"@type\":\"ListItem\",\"position\":1,\"name\":\"Portada\",\"item\":\"https:\\\/\\\/rpcalzado.com\\\/\"},{\"@type\":\"ListItem\",\"position\":2,\"name\":\"Inicio\"}]},{\"@type\":\"WebSite\",\"@id\":\"https:\\\/\\\/rpcalzado.com\\\/#website\",\"url\":\"https:\\\/\\\/rpcalzado.com\\\/\",\"name\":\"Reparaci\u00f3n de Calzado Donato\",\"description\":\"Reparaci\u00f3n de calzado y marroquineria.\",\"publisher\":{\"@id\":\"https:\\\/\\\/rpcalzado.com\\\/#organization\"},\"potentialAction\":[{\"@type\":\"SearchAction\",\"target\":{\"@type\":\"EntryPoint\",\"urlTemplate\":\"https:\\\/\\\/rpcalzado.com\\\/?s={search_term_string}\"},\"query-input\":{\"@type\":\"PropertyValueSpecification\",\"valueRequired\":true,\"valueName\":\"search_term_string\"}}],\"inLanguage\":\"eu\"},{\"@type\":\"Organization\",\"@id\":\"https:\\\/\\\/rpcalzado.com\\\/#organization\",\"name\":\"Reparaci\u00f3n de Calzado Donato\",\"url\":\"https:\\\/\\\/rpcalzado.com\\\/\",\"logo\":{\"@type\":\"ImageObject\",\"inLanguage\":\"eu\",\"@id\":\"https:\\\/\\\/rpcalzado.com\\\/#\\\/schema\\\/logo\\\/image\\\/\",\"url\":\"https:\\\/\\\/rpcalzado.com\\\/wp-content\\\/uploads\\\/2025\\\/02\\\/cropped-Reparacion-de-Calzado-DONATO.png\",\"contentUrl\":\"https:\\\/\\\/rpcalzado.com\\\/wp-content\\\/uploads\\\/2025\\\/02\\\/cropped-Reparacion-de-Calzado-DONATO.png\",\"width\":500,\"height\":162,\"caption\":\"Reparaci\u00f3n de Calzado Donato \"},\"image\":{\"@id\":\"https:\\\/\\\/rpcalzado.com\\\/#\\\/schema\\\/logo\\\/image\\\/\"}}]}<\/script>\n<!-- \/ Yoast SEO plugin. -->","yoast_head_json":{"title":"Inicio - Reparaci\u00f3n de Calzado Donato","robots":{"index":"index","follow":"follow","max-snippet":"max-snippet:-1","max-image-preview":"max-image-preview:large","max-video-preview":"max-video-preview:-1"},"canonical":"https:\/\/rpcalzado.com\/eu\/","og_locale":"en_US","og_type":"article","og_title":"Inicio - Reparaci\u00f3n de Calzado Donato","og_description":"Reparaci\u00f3n de CalzadosDONATO A\u00f1os + 0 Sobre Nosotros Reparaci\u00f3n de Calzado Donato es una empresa familiar con 35 a\u00f1os de experiencia dedicada a la reparaci\u00f3n de calzado y marroquiner\u00eda. Ofrecemos servicios de reparaci\u00f3n para todo tipo de calzado, as\u00ed como para bolsos, cinturones, cremalleras y otros art\u00edculos de uso diario. Tambi\u00e9n contamos con una amplia [&hellip;]","og_url":"https:\/\/rpcalzado.com\/eu\/","og_site_name":"Reparaci\u00f3n de Calzado Donato","article_modified_time":"2025-02-20T11:51:46+00:00","twitter_card":"summary_large_image","twitter_misc":{"Est. reading time":"1 minutua"},"schema":{"@context":"https:\/\/schema.org","@graph":[{"@type":"WebPage","@id":"https:\/\/rpcalzado.com\/","url":"https:\/\/rpcalzado.com\/","name":"Inicio - Reparaci\u00f3n de Calzado Donato","isPartOf":{"@id":"https:\/\/rpcalzado.com\/#website"},"datePublished":"2024-09-20T11:16:08+00:00","dateModified":"2025-02-20T11:51:46+00:00","breadcrumb":{"@id":"https:\/\/rpcalzado.com\/#breadcrumb"},"inLanguage":"eu","potentialAction":[{"@type":"ReadAction","target":["https:\/\/rpcalzado.com\/"]}]},{"@type":"BreadcrumbList","@id":"https:\/\/rpcalzado.com\/#breadcrumb","itemListElement":[{"@type":"ListItem","position":1,"name":"Portada","item":"https:\/\/rpcalzado.com\/"},{"@type":"ListItem","position":2,"name":"Inicio"}]},{"@type":"WebSite","@id":"https:\/\/rpcalzado.com\/#website","url":"https:\/\/rpcalzado.com\/","name":"Reparaci\u00f3n de Calzado Donato","description":"Reparaci\u00f3n de calzado y marroquineria.","publisher":{"@id":"https:\/\/rpcalzado.com\/#organization"},"potentialAction":[{"@type":"SearchAction","target":{"@type":"EntryPoint","urlTemplate":"https:\/\/rpcalzado.com\/?s={search_term_string}"},"query-input":{"@type":"PropertyValueSpecification","valueRequired":true,"valueName":"search_term_string"}}],"inLanguage":"eu"},{"@type":"Organization","@id":"https:\/\/rpcalzado.com\/#organization","name":"Reparaci\u00f3n de Calzado Donato","url":"https:\/\/rpcalzado.com\/","logo":{"@type":"ImageObject","inLanguage":"eu","@id":"https:\/\/rpcalzado.com\/#\/schema\/logo\/image\/","url":"https:\/\/rpcalzado.com\/wp-content\/uploads\/2025\/02\/cropped-Reparacion-de-Calzado-DONATO.png","contentUrl":"https:\/\/rpcalzado.com\/wp-content\/uploads\/2025\/02\/cropped-Reparacion-de-Calzado-DONATO.png","width":500,"height":162,"caption":"Reparaci\u00f3n de Calzado Donato "},"image":{"@id":"https:\/\/rpcalzado.com\/#\/schema\/logo\/image\/"}}]}},"_links":{"self":[{"href":"https:\/\/rpcalzado.com\/eu\/wp-json\/wp\/v2\/pages\/2","targetHints":{"allow":["GET"]}}],"collection":[{"href":"https:\/\/rpcalzado.com\/eu\/wp-json\/wp\/v2\/pages"}],"about":[{"href":"https:\/\/rpcalzado.com\/eu\/wp-json\/wp\/v2\/types\/page"}],"author":[{"embeddable":true,"href":"https:\/\/rpcalzado.com\/eu\/wp-json\/wp\/v2\/users\/4"}],"replies":[{"embeddable":true,"href":"https:\/\/rpcalzado.com\/eu\/wp-json\/wp\/v2\/comments?post=2"}],"version-history":[{"count":233,"href":"https:\/\/rpcalzado.com\/eu\/wp-json\/wp\/v2\/pages\/2\/revisions"}],"predecessor-version":[{"id":1059,"href":"https:\/\/rpcalzado.com\/eu\/wp-json\/wp\/v2\/pages\/2\/revisions\/1059"}],"wp:attachment":[{"href":"https:\/\/rpcalzado.com\/eu\/wp-json\/wp\/v2\/media?parent=2"}],"curies":[{"name":"wp","href":"https:\/\/api.w.org\/{rel}","templated":true}]}}