{"id":30,"date":"2024-09-20T11:50:15","date_gmt":"2024-09-20T11:50:15","guid":{"rendered":"https:\/\/carpinteriaartetxe.rkinformatika.online\/?page_id=30"},"modified":"2025-02-18T20:39:32","modified_gmt":"2025-02-18T20:39:32","slug":"servicios","status":"publish","type":"page","link":"https:\/\/rpcalzado.com\/eu\/servicios\/","title":{"rendered":"Zerbitzuak"},"content":{"rendered":"<div data-elementor-type=\"wp-page\" data-elementor-id=\"30\" class=\"elementor elementor-30\" data-elementor-post-type=\"page\">\n\t\t\t\t<div class=\"elementor-element elementor-element-f40cc32 e-con-full e-flex e-con e-parent\" data-id=\"f40cc32\" data-element_type=\"container\" data-e-type=\"container\" data-settings=\"{&quot;background_background&quot;:&quot;classic&quot;}\">\n\t\t\t\t<div class=\"elementor-element elementor-element-9386a1c elementor-widget elementor-widget-heading\" data-id=\"9386a1c\" data-element_type=\"widget\" data-e-type=\"widget\" data-widget_type=\"heading.default\">\n\t\t\t\t<div class=\"elementor-widget-container\">\n\t\t\t\t\t<h2 class=\"elementor-heading-title elementor-size-default\">Experiencia y Dedicaci\u00f3n<\/h2>\t\t\t\t<\/div>\n\t\t\t\t<\/div>\n\t\t\t\t<\/div>\n\t\t<div class=\"elementor-element elementor-element-87c1f38 e-flex e-con-boxed e-con e-parent\" data-id=\"87c1f38\" data-element_type=\"container\" data-e-type=\"container\">\n\t\t\t\t\t<div class=\"e-con-inner\">\n\t\t\t\t<div class=\"elementor-element elementor-element-0445f54 elementor-widget elementor-widget-heading\" data-id=\"0445f54\" data-element_type=\"widget\" data-e-type=\"widget\" data-widget_type=\"heading.default\">\n\t\t\t\t<div class=\"elementor-widget-container\">\n\t\t\t\t\t<h2 class=\"elementor-heading-title elementor-size-default\">Ofrecemos una amplia gama de servicios para el cuidado y la conservaci\u00f3n de tus art\u00edculos favoritos.<\/h2>\t\t\t\t<\/div>\n\t\t\t\t<\/div>\n\t\t\t\t\t<\/div>\n\t\t\t\t<\/div>\n\t\t<div class=\"elementor-element elementor-element-1aa3c19 e-flex e-con-boxed e-con e-parent\" data-id=\"1aa3c19\" data-element_type=\"container\" data-e-type=\"container\" data-settings=\"{&quot;background_background&quot;:&quot;classic&quot;}\">\n\t\t\t\t\t<div class=\"e-con-inner\">\n\t\t<div class=\"elementor-element elementor-element-1b106b9 e-con-full e-flex e-con e-child\" data-id=\"1b106b9\" data-element_type=\"container\" data-e-type=\"container\">\n\t\t\t\t<div class=\"elementor-element elementor-element-c2bef25 elementor-widget elementor-widget-image\" data-id=\"c2bef25\" data-element_type=\"widget\" data-e-type=\"widget\" data-widget_type=\"image.default\">\n\t\t\t\t<div class=\"elementor-widget-container\">\n\t\t\t\t\t\t\t\t\t\t\t\t\t\t\t<img fetchpriority=\"high\" decoding=\"async\" width=\"683\" height=\"1024\" src=\"https:\/\/rpcalzado.com\/wp-content\/uploads\/2025\/02\/photo-1577467014381-aa7c13dbf331-Maite-Mena-683x1024.jpeg\" class=\"attachment-large size-large wp-image-1006\" alt=\"\" srcset=\"https:\/\/rpcalzado.com\/wp-content\/uploads\/2025\/02\/photo-1577467014381-aa7c13dbf331-Maite-Mena-683x1024.jpeg 683w, https:\/\/rpcalzado.com\/wp-content\/uploads\/2025\/02\/photo-1577467014381-aa7c13dbf331-Maite-Mena-200x300.jpeg 200w, https:\/\/rpcalzado.com\/wp-content\/uploads\/2025\/02\/photo-1577467014381-aa7c13dbf331-Maite-Mena-768x1152.jpeg 768w, https:\/\/rpcalzado.com\/wp-content\/uploads\/2025\/02\/photo-1577467014381-aa7c13dbf331-Maite-Mena-1024x1536.jpeg 1024w, https:\/\/rpcalzado.com\/wp-content\/uploads\/2025\/02\/photo-1577467014381-aa7c13dbf331-Maite-Mena-8x12.jpeg 8w, https:\/\/rpcalzado.com\/wp-content\/uploads\/2025\/02\/photo-1577467014381-aa7c13dbf331-Maite-Mena.jpeg 1200w\" sizes=\"(max-width: 683px) 100vw, 683px\" \/>\t\t\t\t\t\t\t\t\t\t\t\t\t\t\t<\/div>\n\t\t\t\t<\/div>\n\t\t\t\t<\/div>\n\t\t<div class=\"elementor-element elementor-element-820dcd0 e-con-full e-flex e-con e-child\" data-id=\"820dcd0\" data-element_type=\"container\" data-e-type=\"container\">\n\t\t<div class=\"elementor-element elementor-element-56afe5e e-grid e-con-full e-con e-child\" data-id=\"56afe5e\" data-element_type=\"container\" data-e-type=\"container\">\n\t\t<div class=\"elementor-element elementor-element-7fd0dde e-con-full e-flex e-con e-child\" data-id=\"7fd0dde\" data-element_type=\"container\" data-e-type=\"container\" data-settings=\"{&quot;background_background&quot;:&quot;classic&quot;}\">\n\t\t\t\t<div class=\"elementor-element elementor-element-e21f407 elementor-widget elementor-widget-heading\" data-id=\"e21f407\" data-element_type=\"widget\" data-e-type=\"widget\" data-widget_type=\"heading.default\">\n\t\t\t\t<div class=\"elementor-widget-container\">\n\t\t\t\t\t<h2 class=\"elementor-heading-title elementor-size-default\">Reparaci\u00f3n de calzado en general<\/h2>\t\t\t\t<\/div>\n\t\t\t\t<\/div>\n\t\t\t\t<div class=\"elementor-element elementor-element-fba5efe elementor-widget elementor-widget-text-editor\" data-id=\"fba5efe\" data-element_type=\"widget\" data-e-type=\"widget\" data-widget_type=\"text-editor.default\">\n\t\t\t\t<div class=\"elementor-widget-container\">\n\t\t\t\t\t\t\t\t\t<p>Arreglamos suelas, tacones, costuras y cualquier desperfecto para prolongar la vida de tu calzado.<\/p>\t\t\t\t\t\t\t\t<\/div>\n\t\t\t\t<\/div>\n\t\t\t\t<\/div>\n\t\t<div class=\"elementor-element elementor-element-4440bbd e-con-full e-flex e-con e-child\" data-id=\"4440bbd\" data-element_type=\"container\" data-e-type=\"container\" data-settings=\"{&quot;background_background&quot;:&quot;classic&quot;}\">\n\t\t\t\t<div class=\"elementor-element elementor-element-532bc76 elementor-widget elementor-widget-heading\" data-id=\"532bc76\" data-element_type=\"widget\" data-e-type=\"widget\" data-widget_type=\"heading.default\">\n\t\t\t\t<div class=\"elementor-widget-container\">\n\t\t\t\t\t<h2 class=\"elementor-heading-title elementor-size-default\">Reparaci\u00f3n de marroquiner\u00eda<\/h2>\t\t\t\t<\/div>\n\t\t\t\t<\/div>\n\t\t\t\t<div class=\"elementor-element elementor-element-fb182c0 elementor-widget elementor-widget-text-editor\" data-id=\"fb182c0\" data-element_type=\"widget\" data-e-type=\"widget\" data-widget_type=\"text-editor.default\">\n\t\t\t\t<div class=\"elementor-widget-container\">\n\t\t\t\t\t\t\t\t\t<p>Restauramos bolsos, cinturones y otros art\u00edculos de cuero o piel, manteniendo su calidad y est\u00e9tica original.<\/p>\t\t\t\t\t\t\t\t<\/div>\n\t\t\t\t<\/div>\n\t\t\t\t<\/div>\n\t\t<div class=\"elementor-element elementor-element-36fa051 e-con-full e-flex e-con e-child\" data-id=\"36fa051\" data-element_type=\"container\" data-e-type=\"container\" data-settings=\"{&quot;background_background&quot;:&quot;classic&quot;}\">\n\t\t\t\t<div class=\"elementor-element elementor-element-2380d5f elementor-widget elementor-widget-heading\" data-id=\"2380d5f\" data-element_type=\"widget\" data-e-type=\"widget\" data-widget_type=\"heading.default\">\n\t\t\t\t<div class=\"elementor-widget-container\">\n\t\t\t\t\t<h2 class=\"elementor-heading-title elementor-size-default\">Reparaci\u00f3n de cremalleras<\/h2>\t\t\t\t<\/div>\n\t\t\t\t<\/div>\n\t\t\t\t<div class=\"elementor-element elementor-element-ff86995 elementor-widget elementor-widget-text-editor\" data-id=\"ff86995\" data-element_type=\"widget\" data-e-type=\"widget\" data-widget_type=\"text-editor.default\">\n\t\t\t\t<div class=\"elementor-widget-container\">\n\t\t\t\t\t\t\t\t\t<p>Sustituci\u00f3n o reparaci\u00f3n de cremalleras da\u00f1adas en calzado, bolsos o cualquier accesorio.<\/p>\t\t\t\t\t\t\t\t<\/div>\n\t\t\t\t<\/div>\n\t\t\t\t<\/div>\n\t\t<div class=\"elementor-element elementor-element-3d05058 e-con-full e-flex e-con e-child\" data-id=\"3d05058\" data-element_type=\"container\" data-e-type=\"container\" data-settings=\"{&quot;background_background&quot;:&quot;classic&quot;}\">\n\t\t\t\t<div class=\"elementor-element elementor-element-2dd6899 elementor-widget elementor-widget-heading\" data-id=\"2dd6899\" data-element_type=\"widget\" data-e-type=\"widget\" data-widget_type=\"heading.default\">\n\t\t\t\t<div class=\"elementor-widget-container\">\n\t\t\t\t\t<h2 class=\"elementor-heading-title elementor-size-default\">Productos para el cuidado<\/h2>\t\t\t\t<\/div>\n\t\t\t\t<\/div>\n\t\t\t\t<div class=\"elementor-element elementor-element-745d3ec elementor-widget elementor-widget-text-editor\" data-id=\"745d3ec\" data-element_type=\"widget\" data-e-type=\"widget\" data-widget_type=\"text-editor.default\">\n\t\t\t\t<div class=\"elementor-widget-container\">\n\t\t\t\t\t\t\t\t\t<p>Venta de productos especializados para limpieza, conservaci\u00f3n y protecci\u00f3n del calzado y marroquiner\u00eda.<\/p>\t\t\t\t\t\t\t\t<\/div>\n\t\t\t\t<\/div>\n\t\t\t\t<\/div>\n\t\t<div class=\"elementor-element elementor-element-f703304 e-con-full e-flex e-con e-child\" data-id=\"f703304\" data-element_type=\"container\" data-e-type=\"container\" data-settings=\"{&quot;background_background&quot;:&quot;classic&quot;}\">\n\t\t\t\t<div class=\"elementor-element elementor-element-b46a5f7 elementor-widget elementor-widget-heading\" data-id=\"b46a5f7\" data-element_type=\"widget\" data-e-type=\"widget\" data-widget_type=\"heading.default\">\n\t\t\t\t<div class=\"elementor-widget-container\">\n\t\t\t\t\t<h2 class=\"elementor-heading-title elementor-size-default\">Accesorios<\/h2>\t\t\t\t<\/div>\n\t\t\t\t<\/div>\n\t\t\t\t<div class=\"elementor-element elementor-element-7284379 elementor-widget elementor-widget-text-editor\" data-id=\"7284379\" data-element_type=\"widget\" data-e-type=\"widget\" data-widget_type=\"text-editor.default\">\n\t\t\t\t<div class=\"elementor-widget-container\">\n\t\t\t\t\t\t\t\t\t<p>Disponemos de calzadores, plantillas, coronas y otros complementos para mejorar el confort y el cuidado de tu calzado.<\/p>\t\t\t\t\t\t\t\t<\/div>\n\t\t\t\t<\/div>\n\t\t\t\t<\/div>\n\t\t\t\t<\/div>\n\t\t\t\t<\/div>\n\t\t\t\t\t<\/div>\n\t\t\t\t<\/div>\n\t\t\t\t<\/div>","protected":false},"excerpt":{"rendered":"<p>Experiencia y Dedicaci\u00f3n Ofrecemos una amplia gama de servicios para el cuidado y la conservaci\u00f3n de tus art\u00edculos favoritos. Reparaci\u00f3n de calzado en general Arreglamos suelas, tacones, costuras y cualquier desperfecto para prolongar la vida de tu calzado. Reparaci\u00f3n de marroquiner\u00eda Restauramos bolsos, cinturones y otros art\u00edculos de cuero o piel, manteniendo su calidad y [&hellip;]<\/p>\n","protected":false},"author":4,"featured_media":0,"parent":0,"menu_order":0,"comment_status":"closed","ping_status":"closed","template":"","meta":{"footnotes":""},"class_list":["post-30","page","type-page","status-publish","hentry"],"yoast_head":"<!-- This site is optimized with the Yoast SEO plugin v27.4 - https:\/\/yoast.com\/product\/yoast-seo-wordpress\/ -->\n<title>Servicios - Reparaci\u00f3n de Calzado Donato<\/title>\n<meta name=\"robots\" content=\"index, follow, max-snippet:-1, max-image-preview:large, max-video-preview:-1\" \/>\n<link rel=\"canonical\" href=\"https:\/\/rpcalzado.com\/eu\/servicios\/\" \/>\n<meta property=\"og:locale\" content=\"en_US\" \/>\n<meta property=\"og:type\" content=\"article\" \/>\n<meta property=\"og:title\" content=\"Servicios - Reparaci\u00f3n de Calzado Donato\" \/>\n<meta property=\"og:description\" content=\"Experiencia y Dedicaci\u00f3n Ofrecemos una amplia gama de servicios para el cuidado y la conservaci\u00f3n de tus art\u00edculos favoritos. Reparaci\u00f3n de calzado en general Arreglamos suelas, tacones, costuras y cualquier desperfecto para prolongar la vida de tu calzado. Reparaci\u00f3n de marroquiner\u00eda Restauramos bolsos, cinturones y otros art\u00edculos de cuero o piel, manteniendo su calidad y [&hellip;]\" \/>\n<meta property=\"og:url\" content=\"https:\/\/rpcalzado.com\/eu\/servicios\/\" \/>\n<meta property=\"og:site_name\" content=\"Reparaci\u00f3n de Calzado Donato\" \/>\n<meta property=\"article:modified_time\" content=\"2025-02-18T20:39:32+00:00\" \/>\n<meta property=\"og:image\" content=\"https:\/\/rpcalzado.com\/wp-content\/uploads\/2025\/02\/photo-1577467014381-aa7c13dbf331-Maite-Mena.jpeg\" \/>\n\t<meta property=\"og:image:width\" content=\"1200\" \/>\n\t<meta property=\"og:image:height\" content=\"1800\" \/>\n\t<meta property=\"og:image:type\" content=\"image\/jpeg\" \/>\n<meta name=\"twitter:card\" content=\"summary_large_image\" \/>\n<meta name=\"twitter:label1\" content=\"Est. reading time\" \/>\n\t<meta name=\"twitter:data1\" content=\"1 minutua\" \/>\n<script type=\"application\/ld+json\" class=\"yoast-schema-graph\">{\"@context\":\"https:\\\/\\\/schema.org\",\"@graph\":[{\"@type\":\"WebPage\",\"@id\":\"https:\\\/\\\/rpcalzado.com\\\/servicios\\\/\",\"url\":\"https:\\\/\\\/rpcalzado.com\\\/servicios\\\/\",\"name\":\"Servicios - Reparaci\u00f3n de Calzado Donato\",\"isPartOf\":{\"@id\":\"https:\\\/\\\/rpcalzado.com\\\/#website\"},\"primaryImageOfPage\":{\"@id\":\"https:\\\/\\\/rpcalzado.com\\\/servicios\\\/#primaryimage\"},\"image\":{\"@id\":\"https:\\\/\\\/rpcalzado.com\\\/servicios\\\/#primaryimage\"},\"thumbnailUrl\":\"https:\\\/\\\/rpcalzado.com\\\/wp-content\\\/uploads\\\/2025\\\/02\\\/photo-1577467014381-aa7c13dbf331-Maite-Mena-683x1024.jpeg\",\"datePublished\":\"2024-09-20T11:50:15+00:00\",\"dateModified\":\"2025-02-18T20:39:32+00:00\",\"breadcrumb\":{\"@id\":\"https:\\\/\\\/rpcalzado.com\\\/servicios\\\/#breadcrumb\"},\"inLanguage\":\"eu\",\"potentialAction\":[{\"@type\":\"ReadAction\",\"target\":[\"https:\\\/\\\/rpcalzado.com\\\/servicios\\\/\"]}]},{\"@type\":\"ImageObject\",\"inLanguage\":\"eu\",\"@id\":\"https:\\\/\\\/rpcalzado.com\\\/servicios\\\/#primaryimage\",\"url\":\"https:\\\/\\\/rpcalzado.com\\\/wp-content\\\/uploads\\\/2025\\\/02\\\/photo-1577467014381-aa7c13dbf331-Maite-Mena-683x1024.jpeg\",\"contentUrl\":\"https:\\\/\\\/rpcalzado.com\\\/wp-content\\\/uploads\\\/2025\\\/02\\\/photo-1577467014381-aa7c13dbf331-Maite-Mena-683x1024.jpeg\"},{\"@type\":\"BreadcrumbList\",\"@id\":\"https:\\\/\\\/rpcalzado.com\\\/servicios\\\/#breadcrumb\",\"itemListElement\":[{\"@type\":\"ListItem\",\"position\":1,\"name\":\"Portada\",\"item\":\"https:\\\/\\\/rpcalzado.com\\\/\"},{\"@type\":\"ListItem\",\"position\":2,\"name\":\"Servicios\"}]},{\"@type\":\"WebSite\",\"@id\":\"https:\\\/\\\/rpcalzado.com\\\/#website\",\"url\":\"https:\\\/\\\/rpcalzado.com\\\/\",\"name\":\"Reparaci\u00f3n de Calzado Donato\",\"description\":\"Reparaci\u00f3n de calzado y marroquineria.\",\"publisher\":{\"@id\":\"https:\\\/\\\/rpcalzado.com\\\/#organization\"},\"potentialAction\":[{\"@type\":\"SearchAction\",\"target\":{\"@type\":\"EntryPoint\",\"urlTemplate\":\"https:\\\/\\\/rpcalzado.com\\\/?s={search_term_string}\"},\"query-input\":{\"@type\":\"PropertyValueSpecification\",\"valueRequired\":true,\"valueName\":\"search_term_string\"}}],\"inLanguage\":\"eu\"},{\"@type\":\"Organization\",\"@id\":\"https:\\\/\\\/rpcalzado.com\\\/#organization\",\"name\":\"Reparaci\u00f3n de Calzado Donato\",\"url\":\"https:\\\/\\\/rpcalzado.com\\\/\",\"logo\":{\"@type\":\"ImageObject\",\"inLanguage\":\"eu\",\"@id\":\"https:\\\/\\\/rpcalzado.com\\\/#\\\/schema\\\/logo\\\/image\\\/\",\"url\":\"https:\\\/\\\/rpcalzado.com\\\/wp-content\\\/uploads\\\/2025\\\/02\\\/cropped-Reparacion-de-Calzado-DONATO.png\",\"contentUrl\":\"https:\\\/\\\/rpcalzado.com\\\/wp-content\\\/uploads\\\/2025\\\/02\\\/cropped-Reparacion-de-Calzado-DONATO.png\",\"width\":500,\"height\":162,\"caption\":\"Reparaci\u00f3n de Calzado Donato \"},\"image\":{\"@id\":\"https:\\\/\\\/rpcalzado.com\\\/#\\\/schema\\\/logo\\\/image\\\/\"}}]}<\/script>\n<!-- \/ Yoast SEO plugin. -->","yoast_head_json":{"title":"Servicios - Reparaci\u00f3n de Calzado Donato","robots":{"index":"index","follow":"follow","max-snippet":"max-snippet:-1","max-image-preview":"max-image-preview:large","max-video-preview":"max-video-preview:-1"},"canonical":"https:\/\/rpcalzado.com\/eu\/servicios\/","og_locale":"en_US","og_type":"article","og_title":"Servicios - Reparaci\u00f3n de Calzado Donato","og_description":"Experiencia y Dedicaci\u00f3n Ofrecemos una amplia gama de servicios para el cuidado y la conservaci\u00f3n de tus art\u00edculos favoritos. Reparaci\u00f3n de calzado en general Arreglamos suelas, tacones, costuras y cualquier desperfecto para prolongar la vida de tu calzado. Reparaci\u00f3n de marroquiner\u00eda Restauramos bolsos, cinturones y otros art\u00edculos de cuero o piel, manteniendo su calidad y [&hellip;]","og_url":"https:\/\/rpcalzado.com\/eu\/servicios\/","og_site_name":"Reparaci\u00f3n de Calzado Donato","article_modified_time":"2025-02-18T20:39:32+00:00","og_image":[{"width":1200,"height":1800,"url":"https:\/\/rpcalzado.com\/wp-content\/uploads\/2025\/02\/photo-1577467014381-aa7c13dbf331-Maite-Mena.jpeg","type":"image\/jpeg"}],"twitter_card":"summary_large_image","twitter_misc":{"Est. reading time":"1 minutua"},"schema":{"@context":"https:\/\/schema.org","@graph":[{"@type":"WebPage","@id":"https:\/\/rpcalzado.com\/servicios\/","url":"https:\/\/rpcalzado.com\/servicios\/","name":"Servicios - Reparaci\u00f3n de Calzado Donato","isPartOf":{"@id":"https:\/\/rpcalzado.com\/#website"},"primaryImageOfPage":{"@id":"https:\/\/rpcalzado.com\/servicios\/#primaryimage"},"image":{"@id":"https:\/\/rpcalzado.com\/servicios\/#primaryimage"},"thumbnailUrl":"https:\/\/rpcalzado.com\/wp-content\/uploads\/2025\/02\/photo-1577467014381-aa7c13dbf331-Maite-Mena-683x1024.jpeg","datePublished":"2024-09-20T11:50:15+00:00","dateModified":"2025-02-18T20:39:32+00:00","breadcrumb":{"@id":"https:\/\/rpcalzado.com\/servicios\/#breadcrumb"},"inLanguage":"eu","potentialAction":[{"@type":"ReadAction","target":["https:\/\/rpcalzado.com\/servicios\/"]}]},{"@type":"ImageObject","inLanguage":"eu","@id":"https:\/\/rpcalzado.com\/servicios\/#primaryimage","url":"https:\/\/rpcalzado.com\/wp-content\/uploads\/2025\/02\/photo-1577467014381-aa7c13dbf331-Maite-Mena-683x1024.jpeg","contentUrl":"https:\/\/rpcalzado.com\/wp-content\/uploads\/2025\/02\/photo-1577467014381-aa7c13dbf331-Maite-Mena-683x1024.jpeg"},{"@type":"BreadcrumbList","@id":"https:\/\/rpcalzado.com\/servicios\/#breadcrumb","itemListElement":[{"@type":"ListItem","position":1,"name":"Portada","item":"https:\/\/rpcalzado.com\/"},{"@type":"ListItem","position":2,"name":"Servicios"}]},{"@type":"WebSite","@id":"https:\/\/rpcalzado.com\/#website","url":"https:\/\/rpcalzado.com\/","name":"Reparaci\u00f3n de Calzado Donato","description":"Reparaci\u00f3n de calzado y marroquineria.","publisher":{"@id":"https:\/\/rpcalzado.com\/#organization"},"potentialAction":[{"@type":"SearchAction","target":{"@type":"EntryPoint","urlTemplate":"https:\/\/rpcalzado.com\/?s={search_term_string}"},"query-input":{"@type":"PropertyValueSpecification","valueRequired":true,"valueName":"search_term_string"}}],"inLanguage":"eu"},{"@type":"Organization","@id":"https:\/\/rpcalzado.com\/#organization","name":"Reparaci\u00f3n de Calzado Donato","url":"https:\/\/rpcalzado.com\/","logo":{"@type":"ImageObject","inLanguage":"eu","@id":"https:\/\/rpcalzado.com\/#\/schema\/logo\/image\/","url":"https:\/\/rpcalzado.com\/wp-content\/uploads\/2025\/02\/cropped-Reparacion-de-Calzado-DONATO.png","contentUrl":"https:\/\/rpcalzado.com\/wp-content\/uploads\/2025\/02\/cropped-Reparacion-de-Calzado-DONATO.png","width":500,"height":162,"caption":"Reparaci\u00f3n de Calzado Donato "},"image":{"@id":"https:\/\/rpcalzado.com\/#\/schema\/logo\/image\/"}}]}},"_links":{"self":[{"href":"https:\/\/rpcalzado.com\/eu\/wp-json\/wp\/v2\/pages\/30","targetHints":{"allow":["GET"]}}],"collection":[{"href":"https:\/\/rpcalzado.com\/eu\/wp-json\/wp\/v2\/pages"}],"about":[{"href":"https:\/\/rpcalzado.com\/eu\/wp-json\/wp\/v2\/types\/page"}],"author":[{"embeddable":true,"href":"https:\/\/rpcalzado.com\/eu\/wp-json\/wp\/v2\/users\/4"}],"replies":[{"embeddable":true,"href":"https:\/\/rpcalzado.com\/eu\/wp-json\/wp\/v2\/comments?post=30"}],"version-history":[{"count":144,"href":"https:\/\/rpcalzado.com\/eu\/wp-json\/wp\/v2\/pages\/30\/revisions"}],"predecessor-version":[{"id":1027,"href":"https:\/\/rpcalzado.com\/eu\/wp-json\/wp\/v2\/pages\/30\/revisions\/1027"}],"wp:attachment":[{"href":"https:\/\/rpcalzado.com\/eu\/wp-json\/wp\/v2\/media?parent=30"}],"curies":[{"name":"wp","href":"https:\/\/api.w.org\/{rel}","templated":true}]}}